{"id":836,"date":"2026-02-08T21:16:27","date_gmt":"2026-02-08T21:16:27","guid":{"rendered":"https:\/\/kobietymaryi.pl\/?page_id=836"},"modified":"2026-02-08T21:16:30","modified_gmt":"2026-02-08T21:16:30","slug":"roze-rozancowe-zon-za-mezow","status":"publish","type":"page","link":"https:\/\/kobietymaryi.pl\/?page_id=836","title":{"rendered":"R\u00f3\u017ce r\u00f3\u017ca\u0144cowe \u017con za m\u0119\u017c\u00f3w"},"content":{"rendered":"\n  \n    <section class=\"u-align-left u-clearfix u-section-1\" id=\"sec-7bf1\">\n      <div class=\"u-clearfix u-sheet u-sheet-1\">\n        <h5 class=\"u-align-center u-custom-font u-font-lobster u-text u-text-palette-2-dark-1 u-text-1\"> Wsp\u00f3lnota modlitewna \u201e\u017bywego\nr\u00f3\u017ca\u0144ca \u017con za m\u0119\u017c\u00f3w\u201d&nbsp;<br>\n          <span style=\"font-weight: 400;\">przy Sanktuarium \u015aw. Micha\u0142a Archanio\u0142a i b\u0142. Bronis\u0142awa Markiewicza<br>&nbsp;powsta\u0142a z inicjatywy \u017con, kt\u00f3re modl\u0105 si\u0119 za swoich m\u0119\u017c\u00f3w i za wszystkich m\u0119\u017c\u00f3w z danej grupy r\u00f3\u017ca\u0144cowej\n          <\/span>\n          <span style=\"font-weight: 400;\">.\nTym sposobem ka\u017cdy m\u0105\u017c jest codziennie \u201eomadlany\u201d ca\u0142ym r\u00f3\u017ca\u0144cem.<br>&nbsp;Obecnie\nwsp\u00f3lnota sk\u0142ada si\u0119 z siedmiu R\u00f3\u017c (trzech stacjonarnych i czterech on-line) \u2013\nka\u017cda po 20 kobiet \u2013 \u017con. Ka\u017cda R\u00f3\u017ca ma swojego zelatora, kt\u00f3ry dba o swoj\u0105\nR\u00f3\u017c\u0119.&nbsp;<br>Ka\u017cda grupa ma r\u00f3wnie\u017c swojego patrona.\n          <\/span>\n        <\/h5>\n        <div class=\"fr-view u-clearfix u-rich-text u-text u-text-2\">\n          <div class=\"fr-wrapper\" dir=\"auto\">\n            <div class=\"fr-element fr-view\" dir=\"auto\" spellcheck=\"true\">\n              <h1>\n                <span class=\"u-custom-font u-font-georgia\" style=\"font-size: 1.875rem;\">\n                  <span class=\"u-text-custom-color-1\">R\u00d3\u017bE R\u00d3\u017bA\u0143COWE<\/span> \u2013 informacje dodatkowe\n                <\/span>\n              <\/h1>\n              <p id=\"isPasted\">\n                <span class=\"u-custom-font u-font-georgia\">\n                  <span class=\"u-text-custom-color-1\" style=\"font-size: 1.125rem;\">1. Odpusty<\/span>\n                <\/span>\n              <\/p>\n              <p>\n                <span class=\"u-custom-font u-font-georgia\" style=\"font-size: 1.125rem;\">Z przynale\u017cno\u015bci\u0105 do \u017bywego R\u00f3\u017ca\u0144ca zwi\u0105zany jest przywilej zyskiwania odpustu zupe\u0142nego (na mocy specjalnego indultu Stolicy Apostolskiej z dnia 25 pa\u017adziernika 1967r.) a\u017c osiem dni w ci\u0105gu roku. Mianowicie: w dniu przyj\u0119cia danego cz\u0142onka do \u017bywego R\u00f3\u017ca\u0144ca (czyli w rocznic\u0119) oraz w nast\u0119puj\u0105ce \u015bwi\u0119ta: Narodzenia Pa\u0144skiego, Zmartwychwstania Pa\u0144skiego, Zwiastowania Naj\u015bwi\u0119tszej Maryi Panny (25 marca), Wniebowzi\u0119cia Naj\u015bwi\u0119tszej Maryi Panny (15 sierpnia), Kr\u00f3lowej R\u00f3\u017ca\u0144ca \u015awi\u0119tego (7 pa\u017adziernika), Niepokalanego Pocz\u0119cia Maryi (8 grudnia), Ofiarowania Pa\u0144skiego (Matki Boskiej Gromnicznej \u2013 2 lutego).<\/span>\n              <\/p>\n              <p>\n                <span class=\"u-custom-font u-font-georgia\" style=\"font-size: 1.125rem;\">Odpust ten mo\u017cna zyska\u0107 pod zwyk\u0142ymi warunkami czyli przyst\u0105pi\u0107 w danym dniu do Komunii \u015bw. i pomodli\u0107 si\u0119 w intencjach Papie\u017ca.<\/span>\n              <\/p>\n              <p>\n                <span class=\"u-custom-font u-font-georgia\">\n                  <span class=\"u-text-custom-color-1\" style=\"font-size: 1.125rem;\">2. Odmawianie r\u00f3\u017ca\u0144ca<\/span>\n                <\/span>\n              <\/p>\n              <p>\n                <span class=\"u-custom-font u-font-georgia\" style=\"font-size: 1.125rem;\">Obowi\u0105zkiem ka\u017cdego cz\u0142onka \u017bywego R\u00f3\u017ca\u0144ca jest codzienne odmawianie jednego dziesi\u0105tka r\u00f3\u017ca\u0144ca, przy czym osoba odmawiaj\u0105ca w danym miesi\u0105cu I tajemnic\u0119 Radosn\u0105 \u2013 Zwiastowanie NMP odmawia modlitwy rozpoczynaj\u0105ce r\u00f3\u017caniec (Wierz\u0119 w Boga, Ojcze nasz i trzykrotnie Zdrowa\u015b Mario).<\/span>\n              <\/p>\n            <\/div>\n          <\/div>\n          <div class=\"fr-second-toolbar\">\n            <br>\n          <\/div>\n        <\/div>\n      <\/div>\n    <\/section>\n    <section class=\"u-clearfix u-section-2\" id=\"sec-534f\">\n      <div class=\"u-clearfix u-sheet u-sheet-1\">\n        <div class=\"u-list u-list-1\">\n          <div class=\"u-repeater u-repeater-1\">\n            <div class=\"u-container-style u-list-item u-repeater-item\">\n              <div class=\"u-container-layout u-similar-container u-container-layout-1\">\n                <h5 class=\"u-align-center u-text u-text-1\"><b><i>R\u00f3\u017ca b\u0142. Rodziny Ulm\u00f3w <br> od wrzesie\u0144 2023r.<\/i><\/b>\n                  <br><b><i>zelator: Laura<\/i><\/b>\n                  <br><b><i>&nbsp;<\/i><\/b> &nbsp; <br><b>Imi\u0119 \u017cony -<\/b>&nbsp;<b>Imi\u0119 m\u0119\u017ca<\/b>\n                  <br>\n                  <br>1.\n  \n  \n  Laura - Rafa\u0142 <br>2.\n  \n  \n  Teresa - Janusz <br>3.\n  \n  \n  Liliana - Piotr <br>4.\n  \n  \n  Ma\u0142gorzata - S\u0142awomir&nbsp; <br>5.\n  \n  \n  Iwona - Grzegorz <br>6.\n  \n  \n  Magdalena - Marian <br>7.\n  \n  \n  Ewa - Marek <br>8.\n  \n  \n  Barbara - Zdzis\u0142aw <br>9.\n  \n  \n  Teresa - Zdzis\u0142aw <br>10.\n  \n  \n  Ma\u0142gorzata - Daniel <br>11.\n  \n  \n  Sylwia - Andrzej <br>12.\n  \n  \n  Barbara - S\u0142awomir<br>13.\n  \n  \n  Maria - Jan <br>14.\n  \n  \n  Monika - Maciej <br>15.\n  \n  \n  Edyta - Andrzej <br>16.\n  \n  \n  Ewelina - Kamil <br>17.\n  \n  \n  Danuta - Zdzis\u0142aw <br>18.\n  \n  \n  Joanna - Adam <br>19.\n  \n  \n  Teresa - Bogus\u0142aw <br>20.\n  \n  \n  Agnieszka - Pawe\u0142\n                <\/h5>\n              <\/div>\n            <\/div>\n            <div class=\"u-container-style u-list-item u-repeater-item\">\n              <div class=\"u-container-layout u-similar-container u-container-layout-2\">\n                <h5 class=\"u-align-center u-text u-text-2\"><b><i>R\u00f3\u017ca \u015bw. J\u00f3zefa on-line <br> od grudzie\u0144 2023r.&nbsp;<\/i><\/b>\n                  <br><b><i>zelator: Anna<\/i><\/b>\n                  <br><b><i>&nbsp;<\/i><\/b>&nbsp; &nbsp;&nbsp;<br><b>Imi\u0119 \u017cony<\/b>&nbsp;-&nbsp;<b>Imi\u0119\n  m\u0119\u017ca<\/b>\n                  <br>\n                  <br>1.\n  \n  \n  Agnieszka - Wac\u0142aw<br>2.\n  \n  \n  J\u00f3zefa - Jerzy&nbsp;<br>3.\n  \n  \n  Katarzyna - Marek<br>4.\n  \n  \n  Wies\u0142awa - Artur&nbsp;<br>5.\n  \n  \n  Renata - Wojciech<br>6.\n  \n  \n  Anna - Norbert<br>7.\n  \n  \n  Barbara - Adam<br>8.\n  \n  \n  Halina - Tadeusz<br>9.\n  \n  \n  Maria - Andrzej<br>10.\n  \n  \n  Beata - Marek<br>11.\n  \n  \n  Anna - Jakub&nbsp;<br>12.\n  \n  \n  Agnieszka - Marek&nbsp;<br>13.\n  \n  \n  Barbara - \u015bp.\n  Tadeusz<br>14.\n  \n  \n  Iwona - S\u0142awomir<br>15.\n  \n  \n  Dorota - Ryszard<br>16.\n  \n  \n  Agnieszka - Mariusz<br>17.\n  \n  \n  Aneta - Mariusz<br>18.\n  \n  \n  Dorota - Bogdan<br>19.\n  \n  \n  Zofia - za\n  brata, kt\u00f3ry jest m\u0119\u017cem<br>20.\n  \n  \n  Agnieszka - o\n  dobrego m\u0119\u017ca\n  \n \n&nbsp;\n                <\/h5>\n              <\/div>\n            <\/div>\n            <div class=\"u-container-style u-list-item u-repeater-item\">\n              <div class=\"u-container-layout u-similar-container u-container-layout-3\">\n                <h5 class=\"u-align-center u-text u-text-3\"><b><i>R\u00f3\u017ca \u015bw. Rity <br> od maj 2023r.<\/i><\/b>\n                  <br><b><i>zelator: Anna<\/i><\/b>\n                  <br>\n                  <br><b>Imi\u0119 \u017cony -&nbsp;<\/b><b>Imi\u0119 m\u0119\u017ca<\/b>\n                  <br>\n                  <br>1.\n  \n  \n  El\u017cbieta - Wac\u0142aw<br>2.\n  \n  \n  Wies\u0142awa - J\u00f3zef<br>3.\n  \n  \n  Renata - Tomasz<br>4.\n  \n  \n  Renata - Ryszard<br>5.\n  \n  \n  Mariola - Piotr<br>6.\n  \n  \n  Barbara - Bogdan<br>7.\n  \n  \n  Beata - Rafa\u0142<br>8.\n  \n  \n  Teresa - Piotr<br>9.\n  \n  \n  Agata - Bogdan<br>10.\n  \n  \n  Aldona - Damian<br>11.\n  \n  \n  Monika - \u0141ukasz<br>12.\n  \n  \n  Dorota - Ryszard<br>13.\n  \n  \n  Sabina - Jerzy<br>14.\n  \n  \n  Justyna - Marcin<br>15.\n  \n  \n  Justyna - za m\u0119\u017ca\n  najbardziej potrzebuj\u0105cego modlitwy<br>16.\n  \n  \n  Agata - Mariusz<br>17.\n  \n  \n  Anna - Grzegorz<br>18.\n  \n  \n  Beata - Jacek<br>19.\n  \n  \n  Renata - Wojciech<br>20.\n  \n  \n  Dorota - Marek\n                <\/h5>\n              <\/div>\n            <\/div>\n            <div class=\"u-container-style u-list-item u-repeater-item\">\n              <div class=\"u-container-layout u-similar-container u-container-layout-4\">\n                <h5 class=\"u-align-center u-text u-text-4\"><b><i>R\u00f3\u017ca b\u0142. Ks. Jerzego Popie\u0142uszki on-line<\/i><\/b><b><i>od listopad 2025r.<\/i><\/b>\n                  <br><b><i>zelator: Anna<br><!--[if !supportLineBreakNewLine]-->\n                      <br><!--[endif]--><\/i><\/b> &nbsp; <b>Imi\u0119 \u017cony<\/b>&nbsp;-&nbsp;<b>Imi\u0119\n  m\u0119\u017ca<\/b>\n                  <br>\n                  <br>1.\n  \n  \n  Magda - Karol<br>2.\n  \n  \n  Luiza - Pawe\u0142<br>3.\n  \n  \n  Monika - Cezary<br>4.\n  \n  \n  Ewa - Tadeusz<br>5.\n  \n  \n  Agnieszka - Jaros\u0142aw<br>6.\n  \n  \n  Anna - Dariusz<br>7.\n  \n  \n  Joanna - W\u0142odzimierz<br>8.\n  \n  \n  Anna - Pawe\u0142<br>9.\n  \n  \n  Jolanta - Przemys\u0142aw<br>10.\n  \n  \n  Emilia Paulina - Piotr<br>11.\n  \n  \n  Anna - Marek<br>12.\n  \n  \n  Janina - Mariusz<br>13.\n  \n  \n  Marzena - Maciej<br>14.\n  \n  \n  Kinga - Maciej<br>15.\n  \n  \n  Ewa - Adam<br>16.\n  \n  \n  Anna - Grzegorz<br>17.\n  \n  \n  Marta - Tomasz<br>18.\n  \n  \n  Marta - Przemys\u0142aw<br>19.\n  \n  \n  Ewelina - Jacek<br>20.\n  \n  \n  Barbara - Adam\n                <\/h5>\n              <\/div>\n            <\/div>\n            <div class=\"u-container-style u-list-item u-repeater-item\">\n              <div class=\"u-container-layout u-similar-container u-container-layout-5\">\n                <h5 class=\"u-align-center u-text u-text-5\"><b><i>R\u00f3\u017ca \u015bw. Micha\u0142a Archanio\u0142a<\/i><\/b>\n                  <br><b><i>on-line od luty 2025r.<\/i><\/b>\n                  <br><b><i>zelator: Anna<\/i><\/b>\n                  <br>\n                  <br><b>Imi\u0119 \u017cony<\/b>&nbsp;-&nbsp;<b>Imi\u0119\n  m\u0119\u017ca<\/b>\n                  <br>\n                  <br>1.\n  \n  \n  Barbara - Piotr<br>2.\n  \n  \n  Renata - Janusz<br>3.\n  \n  \n  Beata - Janusz<br>4.\n  \n  \n  Barbara - Jacek<br>5.\n  \n  \n  Anna - Kamil<br>6.\n  \n  \n  Lucyna - Mariusz<br>7.\n  \n  \n  Krystyna - Jacek<br>8.\n  \n  \n  Edyta - Sylwester<br>9.\n  \n  \n  Agnieszka - Stanis\u0142aw<br>10.\n  \n  \n  Katarzyna - Stefan<br>11.\n  \n  \n  Dorota - Jerzy<br>12.\n  \n  \n  Agata - Damian<br>13.\n  \n  \n  Maria - Piotr<br>14.\n  \n  \n  Agnieszka - Mateusz<br>15.\n  \n  \n  Agnieszka - Krystian<br>16.\n  \n  \n  Katarzyna - Franciszek<br>17.\n  \n  \n  Alicja - Miros\u0142aw<br>18.\n  \n  \n  Urszula - Adam<br>19.\n  \n  \n  Sabina - Grzegorz<br>20.\n  \n  \n  Justyna - Piotr\n                <\/h5>\n              <\/div>\n            <\/div>\n            <div class=\"u-container-style u-list-item u-repeater-item\">\n              <div class=\"u-container-layout u-similar-container u-container-layout-6\">\n                <h5 class=\"u-align-center u-text u-text-6\"><b><i>R\u00f3\u017ca \u015bw. Andrzeja Boboli &nbsp;<br> od listopad 2023r.<\/i><\/b>\n                  <br><b><i>zelator:Bernadeta<\/i><\/b>\n                  <br>\n                  <br><b>Imi\u0119 \u017cony -&nbsp;<\/b><b>Imi\u0119 m\u0119\u017ca<\/b>\n                  <br>\n                  <br>1.\n  \n  \n  Ma\u0142gorzata - \u015bp.\n  Wies\u0142aw<br>2.\n  \n  \n  Agnieszka - Janusz<br>3.\n  \n  \n  Barbara - Filip<br>4.\n  \n  \n  Ewa - S\u0142awomir<br>5.\n  \n  \n  Justyna - Robert<br>6.\n  \n  \n  Ma\u0142gorzata - Marcin<br>7.\n  \n  \n  Krystyna - Jan<br>8.\n  \n  \n  Joanna - Wiktor<br>9.\n  \n  \n  Agata - Piotr<br>10.\n  \n  \n  Bernadeta - Jacek<br>11.\n  \n  \n  Paulina - Rafa\u0142<br>12.\n  \n  \n  Wioletta - Mateusz<br>13.\n  \n  \n  Lucyna - o\n  dobrego m\u0119\u017ca dla Zuzi<br>14.\n  \n  \n  Alicja - Witold<br>15.\n  \n  \n  Marzena - Jonasz<br>16.\n  \n  \n  Agata - Konrad<br>17.\n  \n  \n  El\u017cbieta - Tomasz<br>18.\n  \n  \n  Sabina - Rafa\u0142<br>19.\n  \n  \n  Zuzanna - Wies\u0142aw<br>20.\n  \n  \n  Maria - Mariusz\n                <\/h5>\n              <\/div>\n            <\/div>\n            <div class=\"u-container-style u-list-item u-repeater-item\">\n              <div class=\"u-container-layout u-similar-container u-container-layout-7\">\n                <h5 class=\"u-align-center u-text u-text-7\"><b><i>R\u00f3\u017ca \u015bw. Jana Paw\u0142a II<\/i><\/b>\n                  <br><b><i>on-line od czerwiec 2025r.<\/i><\/b>\n                  <br><b><i>zelator: Anna<\/i><\/b>\n                  <br>\n                  <br><b>Imi\u0119 \u017cony -&nbsp;<\/b><b>Imi\u0119 m\u0119\u017ca<\/b>\n                  <br>\n                  <br>1.\n  \n  \n  Aneta - Mateusz<br>2.\n  \n  \n  Lilianna - Jacek<br>3.\n  \n  \n  Marzena - Andrzej<br>4.\n  \n  \n  Jolanta - Kamil<br>5.\n  \n  \n  Teresa - Jan<br>6.\n  \n  \n  Sabina - Marcin<br>7.\n  \n  \n  Halina - Stanis\u0142aw<br>8.\n  \n  \n  Sylwia - Rafa\u0142<br>9.\n  \n  \n  Barbara - Wojciech<br>10.\n  \n  \n  El\u017cbieta - Jacek<br>11.\n  \n  \n  Katarzyna - Franciszek<br>12.\n  \n  \n  Dorota - Adam<br>13.\n  \n  \n  Katarzyna - Janusz<br>14.\n  \n  \n  Teresa - Jacek<br>15.\n  \n  \n  Natalia - Krzysztof<br>16.\n  \n  \n  Jolanta - Zbigniew<br>17.\n  \n  \n  Iwona - Piotr<br>18.\n  \n  \n  Beata - Piotr<br>19.\n  \n  \n  Magda - Tomasz<br>20.\n  \n  \n  Marzena - Tomasz\n                <\/h5>\n              <\/div>\n            <\/div>\n            <div class=\"u-container-style u-list-item u-repeater-item\">\n              <div class=\"u-container-layout u-similar-container u-container-layout-8\">\n                <h5 class=\"u-align-center u-text u-text-8\">CDN...<\/h5>\n              <\/div>\n            <\/div>\n            <div class=\"u-container-style u-list-item u-repeater-item\">\n              <div class=\"u-container-layout u-similar-container u-container-layout-9\">\n                <h5 class=\"u-align-center u-text u-text-9\">CDN...<\/h5>\n              <\/div>\n            <\/div>\n          <\/div>\n        <\/div>\n      <\/div>\n    <\/section>\n    \n    \n    \n    \n  \n","protected":false},"excerpt":{"rendered":"<p>Wsp\u00f3lnota modlitewna \u201e\u017bywego r\u00f3\u017ca\u0144ca \u017con za m\u0119\u017c\u00f3w\u201d&nbsp; przy Sanktuarium \u015aw. Micha\u0142a Archanio\u0142a i b\u0142. Bronis\u0142awa Markiewicza&nbsp;powsta\u0142a z inicjatywy \u017con, kt\u00f3re modl\u0105 si\u0119 za swoich m\u0119\u017c\u00f3w i za wszystkich m\u0119\u017c\u00f3w z danej grupy r\u00f3\u017ca\u0144cowej . Tym sposobem ka\u017cdy m\u0105\u017c jest codziennie \u201eomadlany\u201d ca\u0142ym r\u00f3\u017ca\u0144cem.&nbsp;Obecnie wsp\u00f3lnota sk\u0142ada si\u0119 z siedmiu R\u00f3\u017c (trzech stacjonarnych i czterech on-line) \u2013 &hellip; <a href=\"https:\/\/kobietymaryi.pl\/?page_id=836\" class=\"more-link\">Continue reading<span class=\"screen-reader-text\"> &#8222;R\u00f3\u017ce r\u00f3\u017ca\u0144cowe \u017con za m\u0119\u017c\u00f3w&#8221;<\/span><\/a><\/p>\n","protected":false},"author":1,"featured_media":0,"parent":0,"menu_order":7,"comment_status":"closed","ping_status":"closed","template":"","meta":{"footnotes":""},"class_list":["post-836","page","type-page","status-publish","hentry"],"_links":{"self":[{"href":"https:\/\/kobietymaryi.pl\/index.php?rest_route=\/wp\/v2\/pages\/836","targetHints":{"allow":["GET"]}}],"collection":[{"href":"https:\/\/kobietymaryi.pl\/index.php?rest_route=\/wp\/v2\/pages"}],"about":[{"href":"https:\/\/kobietymaryi.pl\/index.php?rest_route=\/wp\/v2\/types\/page"}],"author":[{"embeddable":true,"href":"https:\/\/kobietymaryi.pl\/index.php?rest_route=\/wp\/v2\/users\/1"}],"replies":[{"embeddable":true,"href":"https:\/\/kobietymaryi.pl\/index.php?rest_route=%2Fwp%2Fv2%2Fcomments&post=836"}],"version-history":[{"count":1,"href":"https:\/\/kobietymaryi.pl\/index.php?rest_route=\/wp\/v2\/pages\/836\/revisions"}],"predecessor-version":[{"id":845,"href":"https:\/\/kobietymaryi.pl\/index.php?rest_route=\/wp\/v2\/pages\/836\/revisions\/845"}],"wp:attachment":[{"href":"https:\/\/kobietymaryi.pl\/index.php?rest_route=%2Fwp%2Fv2%2Fmedia&parent=836"}],"curies":[{"name":"wp","href":"https:\/\/api.w.org\/{rel}","templated":true}]}}