{"id":970,"date":"2026-03-31T22:00:31","date_gmt":"2026-03-31T22:00:31","guid":{"rendered":"https:\/\/kobietymaryi.pl\/?page_id=970"},"modified":"2026-03-31T22:00:33","modified_gmt":"2026-03-31T22:00:33","slug":"o-nas-2","status":"publish","type":"page","link":"https:\/\/kobietymaryi.pl\/?page_id=970","title":{"rendered":"O nas"},"content":{"rendered":"\n  \n    <section class=\"u-clearfix u-section-1\" id=\"sec-7a5d\">\n      <div class=\"u-clearfix u-sheet u-sheet-1\">\n        <h5 class=\"u-align-center u-custom-font u-font-merriweather u-text u-text-1\"> Wsp\u00f3lnota \u201eKobieta u st\u00f3p Maryi\u201d powsta\u0142a 29.03.2023 roku przy \nSanktuarium \u015aw. Micha\u0142a Archanio\u0142a i b\u0142. Bronis\u0142awa Markiewicza w \nMiejscu Piastowym. Wsp\u00f3lnota \u015bci\u015ble wsp\u00f3\u0142pracuje z O\u015brodkiem Troski o \nMa\u0142\u017ce\u0144stwo i Rodzin\u0119 im ks. Bronis\u0142awa Markiewicza w Miejscu Piastowym, a jej opiekunem jest Ks. Pawe\u0142 Ra\u015b CSMA.&nbsp;<br>Jeste\u015bmy wsp\u00f3lnot\u0105 Kobiet, kt\u00f3re chc\u0105 uczy\u0107 si\u0119 od naszej Matki Maryi\n prawdziwej i pi\u0119knej mi\u0142o\u015bci do Boga, ludzi oraz siebie. Chcemy \nwzajemnie si\u0119 wspiera\u0107, umacnia\u0107, nape\u0142nia\u0107 rado\u015bci\u0105 p\u0142yn\u0105c\u0105 ze \nwsp\u00f3lnoty. Jeste\u015bmy w r\u00f3\u017cnym wieku, o r\u00f3\u017cnym statusie spo\u0142ecznym, z \nr\u00f3\u017cnym baga\u017cem do\u015bwiadcze\u0144 \u017cyciowych \u2013 &nbsp;jednak to co nas \u0142\u0105czy, to \nwielka t\u0119sknota za&nbsp; prawdziwie pi\u0119knym \u017cyciem opartym na Bo\u017cych \nprzykazaniach. W\u0142a\u015bnie we wsp\u00f3lnocie mamy t\u0119 si\u0142\u0119 i moc, aby wzajemnie \nsi\u0119 zach\u0119ca\u0107 do powstawania z naszych upadk\u00f3w i trudno\u015bci,&nbsp;<br>aby ci\u0105gle \nzaczyna\u0107 od nowa.&nbsp;<br>W momencie powstania wsp\u00f3lnota liczy\u0142a oko\u0142o 16 kobiet, by po 2 latach istnienia rozrosn\u0105\u0107 si\u0119 do ponad 100.\nSpotykamy si\u0119 raz w miesi\u0105cu, w ka\u017cd\u0105 ostatni\u0105 \u015brod\u0119 miesi\u0105ca. Rozpoczynamy:\n18.30 \u2013 modlitwa r\u00f3\u017ca\u0144cowa;\n19.00 \u2013 Msza \u015bw. ze s\u0142owem, a po niej konferencja dla kobiet;<br>20.15 \u2013 spotkanie w Sali Misyjnej.&nbsp;<br>Serdecznie zapraszamy Ciebie Kobieto \u2013 kt\u00f3ra to czytasz \u2013 do\u0142\u0105cz do \nnaszej wsp\u00f3lnoty (stacjonarnie lub on-line, \u0142\u0105cz\u0105c si\u0119 przez Internet), \naby pod p\u0142aszczem naszej Matki Maryi poczu\u0107, \u017ce jeste\u015b ukochan\u0105 c\u00f3rk\u0105 \nBoga.&nbsp;\n        <\/h5>\n        <img decoding=\"async\" class=\"u-align-center u-image u-image-contain u-image-round u-radius-10 u-image-1\" src=\"https:\/\/kobietymaryi.pl\/wp-content\/uploads\/2026\/03\/wspolnotakobiet-300x169-1.jpg\" alt=\"\" data-image-width=\"300\" data-image-height=\"169\">\n      <\/div>\n    <\/section>\n    \n    \n    \n    \n  \n","protected":false},"excerpt":{"rendered":"<p>Wsp\u00f3lnota \u201eKobieta u st\u00f3p Maryi\u201d powsta\u0142a 29.03.2023 roku przy Sanktuarium \u015aw. Micha\u0142a Archanio\u0142a i b\u0142. Bronis\u0142awa Markiewicza w Miejscu Piastowym. Wsp\u00f3lnota \u015bci\u015ble wsp\u00f3\u0142pracuje z O\u015brodkiem Troski o Ma\u0142\u017ce\u0144stwo i Rodzin\u0119 im ks. Bronis\u0142awa Markiewicza w Miejscu Piastowym, a jej opiekunem jest Ks. Pawe\u0142 Ra\u015b CSMA.&nbsp;Jeste\u015bmy wsp\u00f3lnot\u0105 Kobiet, kt\u00f3re chc\u0105 uczy\u0107 si\u0119 od naszej Matki Maryi &hellip; <a href=\"https:\/\/kobietymaryi.pl\/?page_id=970\" class=\"more-link\">Continue reading<span class=\"screen-reader-text\"> &#8222;O nas&#8221;<\/span><\/a><\/p>\n","protected":false},"author":1,"featured_media":0,"parent":0,"menu_order":9,"comment_status":"closed","ping_status":"closed","template":"","meta":{"footnotes":""},"class_list":["post-970","page","type-page","status-publish","hentry"],"_links":{"self":[{"href":"https:\/\/kobietymaryi.pl\/index.php?rest_route=\/wp\/v2\/pages\/970","targetHints":{"allow":["GET"]}}],"collection":[{"href":"https:\/\/kobietymaryi.pl\/index.php?rest_route=\/wp\/v2\/pages"}],"about":[{"href":"https:\/\/kobietymaryi.pl\/index.php?rest_route=\/wp\/v2\/types\/page"}],"author":[{"embeddable":true,"href":"https:\/\/kobietymaryi.pl\/index.php?rest_route=\/wp\/v2\/users\/1"}],"replies":[{"embeddable":true,"href":"https:\/\/kobietymaryi.pl\/index.php?rest_route=%2Fwp%2Fv2%2Fcomments&post=970"}],"version-history":[{"count":1,"href":"https:\/\/kobietymaryi.pl\/index.php?rest_route=\/wp\/v2\/pages\/970\/revisions"}],"predecessor-version":[{"id":979,"href":"https:\/\/kobietymaryi.pl\/index.php?rest_route=\/wp\/v2\/pages\/970\/revisions\/979"}],"wp:attachment":[{"href":"https:\/\/kobietymaryi.pl\/index.php?rest_route=%2Fwp%2Fv2%2Fmedia&parent=970"}],"curies":[{"name":"wp","href":"https:\/\/api.w.org\/{rel}","templated":true}]}}